{"id":7,"date":"2024-09-16T11:08:38","date_gmt":"2024-09-16T09:08:38","guid":{"rendered":"http:\/\/lesecrinsdalienor.fr\/index.php\/about-page\/"},"modified":"2026-04-09T20:46:49","modified_gmt":"2026-04-09T18:46:49","slug":"about-page","status":"publish","type":"page","link":"https:\/\/lesecrinsdalienor.fr\/index.php\/about-page\/","title":{"rendered":"Notre histoire"},"content":{"rendered":"\n<main class=\"wp-block-group is-layout-flow wp-container-core-group-is-layout-5e28f8c7 wp-block-group-is-layout-flow\" style=\"margin-top:0;margin-bottom:0;padding-top:0;padding-right:0;padding-bottom:0;padding-left:0\">\n<div class=\"wp-block-group alignfull is-layout-constrained wp-block-group-is-layout-constrained\" style=\"margin-top:0px;margin-bottom:0px;padding-top:64px;padding-bottom:64px\">\n<div class=\"wp-block-columns alignwide is-layout-flex wp-container-core-columns-is-layout-28f84493 wp-block-columns-is-layout-flex\">\n<div class=\"wp-block-column is-vertically-aligned-center is-layout-flow wp-block-column-is-layout-flow\">\n<h2 class=\"wp-block-heading\">Une passion<\/h2>\n\n\n\n<p>Les \u00e9crins d&rsquo;Ali\u00e9nor sont n\u00e9s de la passion de Ian Dastugue pour les pi\u00e8ces anciennes, sa collection grandissante, il a d\u00e9cid\u00e9 d&rsquo;utiliser ses pi\u00e8ces pour sublimer les femmes et les hommes.<\/p>\n<\/div>\n\n\n\n<div class=\"wp-block-column is-layout-flow wp-block-column-is-layout-flow\">\n<figure class=\"wp-block-image size-full\"><img fetchpriority=\"high\" decoding=\"async\" width=\"2560\" height=\"2560\" src=\"https:\/\/lesecrinsdalienor.fr\/wp-content\/uploads\/2024\/10\/IMG_4153-edited-scaled.jpg\" alt=\"\" class=\"wp-image-297\" srcset=\"https:\/\/lesecrinsdalienor.fr\/wp-content\/uploads\/2024\/10\/IMG_4153-edited-scaled.jpg 2560w, https:\/\/lesecrinsdalienor.fr\/wp-content\/uploads\/2024\/10\/IMG_4153-edited-300x300.jpg 300w, https:\/\/lesecrinsdalienor.fr\/wp-content\/uploads\/2024\/10\/IMG_4153-edited-scaled-100x100.jpg 100w, https:\/\/lesecrinsdalienor.fr\/wp-content\/uploads\/2024\/10\/IMG_4153-edited-scaled-600x600.jpg 600w, https:\/\/lesecrinsdalienor.fr\/wp-content\/uploads\/2024\/10\/IMG_4153-edited-1024x1024.jpg 1024w, https:\/\/lesecrinsdalienor.fr\/wp-content\/uploads\/2024\/10\/IMG_4153-edited-150x150.jpg 150w, https:\/\/lesecrinsdalienor.fr\/wp-content\/uploads\/2024\/10\/IMG_4153-edited-768x768.jpg 768w, https:\/\/lesecrinsdalienor.fr\/wp-content\/uploads\/2024\/10\/IMG_4153-edited-1536x1536.jpg 1536w, https:\/\/lesecrinsdalienor.fr\/wp-content\/uploads\/2024\/10\/IMG_4153-edited-2048x2048.jpg 2048w\" sizes=\"(max-width: 2560px) 100vw, 2560px\" \/><\/figure>\n<\/div>\n\n\n\n<div class=\"wp-block-column is-layout-flow wp-block-column-is-layout-flow\">\n<figure class=\"wp-block-image size-full is-resized\"><img decoding=\"async\" width=\"2560\" height=\"2560\" src=\"https:\/\/lesecrinsdalienor.fr\/wp-content\/uploads\/2024\/10\/IMG_4442-min-edited-1-scaled.jpg\" alt=\"\" class=\"wp-image-295\" style=\"width:365px;height:auto\" srcset=\"https:\/\/lesecrinsdalienor.fr\/wp-content\/uploads\/2024\/10\/IMG_4442-min-edited-1-scaled.jpg 2560w, https:\/\/lesecrinsdalienor.fr\/wp-content\/uploads\/2024\/10\/IMG_4442-min-edited-1-scaled-300x300.jpg 300w, https:\/\/lesecrinsdalienor.fr\/wp-content\/uploads\/2024\/10\/IMG_4442-min-edited-1-scaled-100x100.jpg 100w, https:\/\/lesecrinsdalienor.fr\/wp-content\/uploads\/2024\/10\/IMG_4442-min-edited-1-scaled-600x600.jpg 600w\" sizes=\"(max-width: 2560px) 100vw, 2560px\" \/><\/figure>\n<\/div>\n<\/div>\n\n\n\n<div class=\"wp-block-columns alignwide are-vertically-aligned-bottom is-layout-flex wp-container-core-columns-is-layout-28f84493 wp-block-columns-is-layout-flex\">\n<div class=\"wp-block-column is-vertically-aligned-bottom is-layout-flow wp-block-column-is-layout-flow\" style=\"flex-basis:66%\">\n<figure class=\"wp-block-image size-full\"><img decoding=\"async\" src=\"https:\/\/lesecrinsdalienor.fr\/wp-content\/uploads\/2024\/10\/IMG_4245-min.jpg\" alt=\"\" class=\"wp-image-291\"\/><\/figure>\n<\/div>\n\n\n\n<div class=\"wp-block-column is-vertically-aligned-bottom is-layout-flow wp-block-column-is-layout-flow\">\n<p class=\"has-text-align-left has-medium-font-size\">Les \u00e9crins d&rsquo;Ali\u00e9nor sont pr\u00e9sents en ligne mais \u00e9galement sur les march\u00e9s et dans certains points de vente en Gironde.<\/p>\n\n\n\n<div class=\"wp-block-buttons is-layout-flex wp-block-buttons-is-layout-flex\">\n<div class=\"wp-block-button is-style-fill\"><a class=\"wp-block-button__link wp-element-button\" href=\"https:\/\/lesecrinsdalienor.fr\/index.php\/boutique\/\">Voir les bijoux<\/a><\/div>\n<\/div>\n<\/div>\n<\/div>\n\n\n\n<div class=\"wp-block-columns alignwide is-layout-flex wp-container-core-columns-is-layout-28f84493 wp-block-columns-is-layout-flex\">\n<div class=\"wp-block-column is-vertically-aligned-center is-layout-flow wp-block-column-is-layout-flow\">\n<h2 class=\"wp-block-heading\">Notre atelier<\/h2>\n\n\n\n<p>Toutes les cr\u00e9ations sont r\u00e9alis\u00e9es sur place dans la partie atelier.<\/p>\n\n\n\n<p>N&rsquo;h\u00e9sitez pas a demander un devis concernant toutes les petites r\u00e9parations.<\/p>\n<\/div>\n\n\n\n<div class=\"wp-block-column is-layout-flow wp-block-column-is-layout-flow\">\n<figure class=\"wp-block-image size-full\"><img decoding=\"async\" width=\"1928\" height=\"2560\" src=\"https:\/\/lesecrinsdalienor.fr\/wp-content\/uploads\/2026\/04\/PXL_20260129_160650632.MP_-scaled.jpg\" alt=\"\" class=\"wp-image-723\" srcset=\"https:\/\/lesecrinsdalienor.fr\/wp-content\/uploads\/2026\/04\/PXL_20260129_160650632.MP_-scaled.jpg 1928w, https:\/\/lesecrinsdalienor.fr\/wp-content\/uploads\/2026\/04\/PXL_20260129_160650632.MP_-226x300.jpg 226w, https:\/\/lesecrinsdalienor.fr\/wp-content\/uploads\/2026\/04\/PXL_20260129_160650632.MP_-771x1024.jpg 771w, https:\/\/lesecrinsdalienor.fr\/wp-content\/uploads\/2026\/04\/PXL_20260129_160650632.MP_-768x1020.jpg 768w, https:\/\/lesecrinsdalienor.fr\/wp-content\/uploads\/2026\/04\/PXL_20260129_160650632.MP_-1157x1536.jpg 1157w, https:\/\/lesecrinsdalienor.fr\/wp-content\/uploads\/2026\/04\/PXL_20260129_160650632.MP_-1542x2048.jpg 1542w, https:\/\/lesecrinsdalienor.fr\/wp-content\/uploads\/2026\/04\/PXL_20260129_160650632.MP_-600x797.jpg 600w\" sizes=\"(max-width: 1928px) 100vw, 1928px\" \/><\/figure>\n<\/div>\n\n\n\n<div class=\"wp-block-column is-layout-flow wp-block-column-is-layout-flow\">\n<figure class=\"wp-block-image size-full is-resized\"><img loading=\"lazy\" decoding=\"async\" width=\"1928\" height=\"2560\" src=\"https:\/\/lesecrinsdalienor.fr\/wp-content\/uploads\/2026\/04\/PXL_20260309_150851193-scaled.jpg\" alt=\"\" class=\"wp-image-724\" style=\"width:365px;height:auto\" srcset=\"https:\/\/lesecrinsdalienor.fr\/wp-content\/uploads\/2026\/04\/PXL_20260309_150851193-scaled.jpg 1928w, https:\/\/lesecrinsdalienor.fr\/wp-content\/uploads\/2026\/04\/PXL_20260309_150851193-226x300.jpg 226w, https:\/\/lesecrinsdalienor.fr\/wp-content\/uploads\/2026\/04\/PXL_20260309_150851193-771x1024.jpg 771w, https:\/\/lesecrinsdalienor.fr\/wp-content\/uploads\/2026\/04\/PXL_20260309_150851193-768x1020.jpg 768w, https:\/\/lesecrinsdalienor.fr\/wp-content\/uploads\/2026\/04\/PXL_20260309_150851193-1157x1536.jpg 1157w, https:\/\/lesecrinsdalienor.fr\/wp-content\/uploads\/2026\/04\/PXL_20260309_150851193-1542x2048.jpg 1542w, https:\/\/lesecrinsdalienor.fr\/wp-content\/uploads\/2026\/04\/PXL_20260309_150851193-600x797.jpg 600w\" sizes=\"(max-width: 1928px) 100vw, 1928px\" \/><\/figure>\n<\/div>\n<\/div>\n<\/div>\n<\/main>\n","protected":false},"excerpt":{"rendered":"<p>Une passion Les \u00e9crins d&rsquo;Ali\u00e9nor sont n\u00e9s de la passion de Ian Dastugue pour les pi\u00e8ces anciennes, sa collection grandissante, il a d\u00e9cid\u00e9 d&rsquo;utiliser ses pi\u00e8ces pour sublimer les femmes et les hommes. Les \u00e9crins d&rsquo;Ali\u00e9nor sont pr\u00e9sents en ligne mais \u00e9galement sur les march\u00e9s et dans certains points de vente en Gironde. Notre atelier [&hellip;]<\/p>\n","protected":false},"author":1,"featured_media":0,"parent":0,"menu_order":0,"comment_status":"closed","ping_status":"closed","template":"template-plain","meta":{"footnotes":""},"class_list":["post-7","page","type-page","status-publish","hentry"],"jetpack_sharing_enabled":true,"_links":{"self":[{"href":"https:\/\/lesecrinsdalienor.fr\/index.php\/wp-json\/wp\/v2\/pages\/7","targetHints":{"allow":["GET"]}}],"collection":[{"href":"https:\/\/lesecrinsdalienor.fr\/index.php\/wp-json\/wp\/v2\/pages"}],"about":[{"href":"https:\/\/lesecrinsdalienor.fr\/index.php\/wp-json\/wp\/v2\/types\/page"}],"author":[{"embeddable":true,"href":"https:\/\/lesecrinsdalienor.fr\/index.php\/wp-json\/wp\/v2\/users\/1"}],"replies":[{"embeddable":true,"href":"https:\/\/lesecrinsdalienor.fr\/index.php\/wp-json\/wp\/v2\/comments?post=7"}],"version-history":[{"count":3,"href":"https:\/\/lesecrinsdalienor.fr\/index.php\/wp-json\/wp\/v2\/pages\/7\/revisions"}],"predecessor-version":[{"id":725,"href":"https:\/\/lesecrinsdalienor.fr\/index.php\/wp-json\/wp\/v2\/pages\/7\/revisions\/725"}],"wp:attachment":[{"href":"https:\/\/lesecrinsdalienor.fr\/index.php\/wp-json\/wp\/v2\/media?parent=7"}],"curies":[{"name":"wp","href":"https:\/\/api.w.org\/{rel}","templated":true}]}}