{"id":107,"date":"2024-10-02T19:31:02","date_gmt":"2024-10-02T17:31:02","guid":{"rendered":"https:\/\/lesecrinsdalienor.fr\/?post_type=product&#038;p=107"},"modified":"2025-12-02T13:16:47","modified_gmt":"2025-12-02T12:16:47","slug":"bague-napoleon","status":"publish","type":"product","link":"https:\/\/lesecrinsdalienor.fr\/index.php\/produit\/bague-napoleon\/","title":{"rendered":"Bague argent Napol\u00e9on"},"content":{"rendered":"<p>Bague chevali\u00e8re ajustable en argent 925 mont\u00e9e d&rsquo;une authentique pi\u00e8ce en bronze de l&#8217;empereur Napol\u00e9on III.<br \/>\nDiam\u00e8tre 20 mm<\/p>\n","protected":false},"excerpt":{"rendered":"<p>Bague chevali\u00e8re ajustable Napol\u00e9on III<\/p>\n","protected":false},"featured_media":110,"comment_status":"open","ping_status":"closed","template":"","meta":[],"product_brand":[],"product_cat":[19],"product_tag":[23,24],"class_list":{"0":"post-107","1":"product","2":"type-product","3":"status-publish","4":"has-post-thumbnail","6":"product_cat-bague","7":"product_tag-argent-925","8":"product_tag-bronze","10":"first","11":"instock","12":"shipping-taxable","13":"purchasable","14":"product-type-simple"},"jetpack_sharing_enabled":true,"_links":{"self":[{"href":"https:\/\/lesecrinsdalienor.fr\/index.php\/wp-json\/wp\/v2\/product\/107","targetHints":{"allow":["GET"]}}],"collection":[{"href":"https:\/\/lesecrinsdalienor.fr\/index.php\/wp-json\/wp\/v2\/product"}],"about":[{"href":"https:\/\/lesecrinsdalienor.fr\/index.php\/wp-json\/wp\/v2\/types\/product"}],"replies":[{"embeddable":true,"href":"https:\/\/lesecrinsdalienor.fr\/index.php\/wp-json\/wp\/v2\/comments?post=107"}],"wp:featuredmedia":[{"embeddable":true,"href":"https:\/\/lesecrinsdalienor.fr\/index.php\/wp-json\/wp\/v2\/media\/110"}],"wp:attachment":[{"href":"https:\/\/lesecrinsdalienor.fr\/index.php\/wp-json\/wp\/v2\/media?parent=107"}],"wp:term":[{"taxonomy":"product_brand","embeddable":true,"href":"https:\/\/lesecrinsdalienor.fr\/index.php\/wp-json\/wp\/v2\/product_brand?post=107"},{"taxonomy":"product_cat","embeddable":true,"href":"https:\/\/lesecrinsdalienor.fr\/index.php\/wp-json\/wp\/v2\/product_cat?post=107"},{"taxonomy":"product_tag","embeddable":true,"href":"https:\/\/lesecrinsdalienor.fr\/index.php\/wp-json\/wp\/v2\/product_tag?post=107"}],"curies":[{"name":"wp","href":"https:\/\/api.w.org\/{rel}","templated":true}]}}