{"id":116,"date":"2024-10-04T09:36:24","date_gmt":"2024-10-04T07:36:24","guid":{"rendered":"https:\/\/lesecrinsdalienor.fr\/?post_type=product&#038;p=116"},"modified":"2025-08-29T19:20:37","modified_gmt":"2025-08-29T17:20:37","slug":"bague-argent-republique","status":"publish","type":"product","link":"https:\/\/lesecrinsdalienor.fr\/index.php\/produit\/bague-argent-republique\/","title":{"rendered":"Bague argent r\u00e9publique"},"content":{"rendered":"<p><img fetchpriority=\"high\" decoding=\"async\" class=\"alignnone size-medium wp-image-117\" src=\"https:\/\/lesecrinsdalienor.fr\/wp-content\/uploads\/2024\/10\/IMG_4118-200x300.jpg\" alt=\"\" width=\"200\" height=\"300\" srcset=\"https:\/\/lesecrinsdalienor.fr\/wp-content\/uploads\/2024\/10\/IMG_4118-200x300.jpg 200w, https:\/\/lesecrinsdalienor.fr\/wp-content\/uploads\/2024\/10\/IMG_4118-scaled-600x900.jpg 600w, https:\/\/lesecrinsdalienor.fr\/wp-content\/uploads\/2024\/10\/IMG_4118-683x1024.jpg 683w, https:\/\/lesecrinsdalienor.fr\/wp-content\/uploads\/2024\/10\/IMG_4118-768x1152.jpg 768w, https:\/\/lesecrinsdalienor.fr\/wp-content\/uploads\/2024\/10\/IMG_4118-1024x1536.jpg 1024w, https:\/\/lesecrinsdalienor.fr\/wp-content\/uploads\/2024\/10\/IMG_4118-1366x2048.jpg 1366w, https:\/\/lesecrinsdalienor.fr\/wp-content\/uploads\/2024\/10\/IMG_4118-scaled.jpg 1707w\" sizes=\"(max-width: 200px) 100vw, 200px\" \/> <img decoding=\"async\" class=\"alignnone size-medium wp-image-119\" src=\"https:\/\/lesecrinsdalienor.fr\/wp-content\/uploads\/2024\/10\/IMG_4186-300x200.jpg\" alt=\"\" width=\"300\" height=\"200\" srcset=\"https:\/\/lesecrinsdalienor.fr\/wp-content\/uploads\/2024\/10\/IMG_4186-300x200.jpg 300w, https:\/\/lesecrinsdalienor.fr\/wp-content\/uploads\/2024\/10\/IMG_4186-scaled-600x400.jpg 600w, https:\/\/lesecrinsdalienor.fr\/wp-content\/uploads\/2024\/10\/IMG_4186-1024x683.jpg 1024w, https:\/\/lesecrinsdalienor.fr\/wp-content\/uploads\/2024\/10\/IMG_4186-768x512.jpg 768w, https:\/\/lesecrinsdalienor.fr\/wp-content\/uploads\/2024\/10\/IMG_4186-1536x1024.jpg 1536w, https:\/\/lesecrinsdalienor.fr\/wp-content\/uploads\/2024\/10\/IMG_4186-2048x1365.jpg 2048w\" sizes=\"(max-width: 300px) 100vw, 300px\" \/><img decoding=\"async\" class=\"alignnone size-medium wp-image-122\" src=\"https:\/\/lesecrinsdalienor.fr\/wp-content\/uploads\/2024\/10\/IMG_4216-200x300.jpg\" alt=\"\" width=\"200\" height=\"300\" \/><\/p>\n","protected":false},"excerpt":{"rendered":"<p>Bague chevali\u00e8re ajustable en argent 925 mont\u00e9e d&rsquo;une authentique pi\u00e8ce de 1 franc r\u00e9publique 1992.<\/p>\n<p>Diam\u00e8tre 25 mm<\/p>\n<p>Pendentif et parure \u00e9galement disponible<\/p>\n<p>&nbsp;<\/p>\n","protected":false},"featured_media":118,"comment_status":"open","ping_status":"closed","template":"","meta":[],"product_brand":[],"product_cat":[19],"product_tag":[],"class_list":{"0":"post-116","1":"product","2":"type-product","3":"status-publish","4":"has-post-thumbnail","6":"product_cat-bague","8":"first","9":"instock","10":"shipping-taxable","11":"purchasable","12":"product-type-simple"},"jetpack_sharing_enabled":true,"_links":{"self":[{"href":"https:\/\/lesecrinsdalienor.fr\/index.php\/wp-json\/wp\/v2\/product\/116","targetHints":{"allow":["GET"]}}],"collection":[{"href":"https:\/\/lesecrinsdalienor.fr\/index.php\/wp-json\/wp\/v2\/product"}],"about":[{"href":"https:\/\/lesecrinsdalienor.fr\/index.php\/wp-json\/wp\/v2\/types\/product"}],"replies":[{"embeddable":true,"href":"https:\/\/lesecrinsdalienor.fr\/index.php\/wp-json\/wp\/v2\/comments?post=116"}],"wp:featuredmedia":[{"embeddable":true,"href":"https:\/\/lesecrinsdalienor.fr\/index.php\/wp-json\/wp\/v2\/media\/118"}],"wp:attachment":[{"href":"https:\/\/lesecrinsdalienor.fr\/index.php\/wp-json\/wp\/v2\/media?parent=116"}],"wp:term":[{"taxonomy":"product_brand","embeddable":true,"href":"https:\/\/lesecrinsdalienor.fr\/index.php\/wp-json\/wp\/v2\/product_brand?post=116"},{"taxonomy":"product_cat","embeddable":true,"href":"https:\/\/lesecrinsdalienor.fr\/index.php\/wp-json\/wp\/v2\/product_cat?post=116"},{"taxonomy":"product_tag","embeddable":true,"href":"https:\/\/lesecrinsdalienor.fr\/index.php\/wp-json\/wp\/v2\/product_tag?post=116"}],"curies":[{"name":"wp","href":"https:\/\/api.w.org\/{rel}","templated":true}]}}