{"id":123,"date":"2024-10-04T09:47:07","date_gmt":"2024-10-04T07:47:07","guid":{"rendered":"https:\/\/lesecrinsdalienor.fr\/?post_type=product&#038;p=123"},"modified":"2025-12-02T13:17:12","modified_gmt":"2025-12-02T12:17:12","slug":"bague-argent-semeuse","status":"publish","type":"product","link":"https:\/\/lesecrinsdalienor.fr\/index.php\/produit\/bague-argent-semeuse\/","title":{"rendered":"Bague argent semeuse"},"content":{"rendered":"<p><img fetchpriority=\"high\" decoding=\"async\" class=\"alignnone size-medium wp-image-124\" src=\"https:\/\/lesecrinsdalienor.fr\/wp-content\/uploads\/2024\/10\/IMG_4167-300x200.jpg\" alt=\"\" width=\"300\" height=\"200\" srcset=\"https:\/\/lesecrinsdalienor.fr\/wp-content\/uploads\/2024\/10\/IMG_4167-300x200.jpg 300w, https:\/\/lesecrinsdalienor.fr\/wp-content\/uploads\/2024\/10\/IMG_4167-scaled-600x400.jpg 600w, https:\/\/lesecrinsdalienor.fr\/wp-content\/uploads\/2024\/10\/IMG_4167-1024x683.jpg 1024w, https:\/\/lesecrinsdalienor.fr\/wp-content\/uploads\/2024\/10\/IMG_4167-768x512.jpg 768w, https:\/\/lesecrinsdalienor.fr\/wp-content\/uploads\/2024\/10\/IMG_4167-1536x1024.jpg 1536w, https:\/\/lesecrinsdalienor.fr\/wp-content\/uploads\/2024\/10\/IMG_4167-2048x1365.jpg 2048w\" sizes=\"(max-width: 300px) 100vw, 300px\" \/> <img decoding=\"async\" class=\"alignnone size-medium wp-image-125\" src=\"https:\/\/lesecrinsdalienor.fr\/wp-content\/uploads\/2024\/10\/IMG_4168-300x200.jpg\" alt=\"\" width=\"300\" height=\"200\" srcset=\"https:\/\/lesecrinsdalienor.fr\/wp-content\/uploads\/2024\/10\/IMG_4168-300x200.jpg 300w, https:\/\/lesecrinsdalienor.fr\/wp-content\/uploads\/2024\/10\/IMG_4168-scaled-600x400.jpg 600w, https:\/\/lesecrinsdalienor.fr\/wp-content\/uploads\/2024\/10\/IMG_4168-1024x683.jpg 1024w, https:\/\/lesecrinsdalienor.fr\/wp-content\/uploads\/2024\/10\/IMG_4168-768x512.jpg 768w, https:\/\/lesecrinsdalienor.fr\/wp-content\/uploads\/2024\/10\/IMG_4168-1536x1024.jpg 1536w, https:\/\/lesecrinsdalienor.fr\/wp-content\/uploads\/2024\/10\/IMG_4168-2048x1365.jpg 2048w\" sizes=\"(max-width: 300px) 100vw, 300px\" \/> <img decoding=\"async\" class=\"alignnone size-medium wp-image-127\" src=\"https:\/\/lesecrinsdalienor.fr\/wp-content\/uploads\/2024\/10\/IMG_4213-200x300.jpg\" alt=\"\" width=\"200\" height=\"300\" srcset=\"https:\/\/lesecrinsdalienor.fr\/wp-content\/uploads\/2024\/10\/IMG_4213-200x300.jpg 200w, https:\/\/lesecrinsdalienor.fr\/wp-content\/uploads\/2024\/10\/IMG_4213-scaled-600x900.jpg 600w, https:\/\/lesecrinsdalienor.fr\/wp-content\/uploads\/2024\/10\/IMG_4213-683x1024.jpg 683w, https:\/\/lesecrinsdalienor.fr\/wp-content\/uploads\/2024\/10\/IMG_4213-768x1152.jpg 768w, https:\/\/lesecrinsdalienor.fr\/wp-content\/uploads\/2024\/10\/IMG_4213-1024x1536.jpg 1024w, https:\/\/lesecrinsdalienor.fr\/wp-content\/uploads\/2024\/10\/IMG_4213-1365x2048.jpg 1365w, https:\/\/lesecrinsdalienor.fr\/wp-content\/uploads\/2024\/10\/IMG_4213-scaled.jpg 1707w\" sizes=\"(max-width: 200px) 100vw, 200px\" \/><\/p>\n","protected":false},"excerpt":{"rendered":"<p>Bague ajustable en argent 925 mont\u00e9e d&rsquo;une authentique pi\u00e8ce de monnaie Fran\u00e7aise de 50 centimes semeuse en argent.<\/p>\n<p>Pi\u00e8ces entre 1898 et 1920.<\/p>\n<p>Diam\u00e8tre 18 mm<\/p>\n","protected":false},"featured_media":124,"comment_status":"open","ping_status":"closed","template":"","meta":[],"product_brand":[],"product_cat":[19],"product_tag":[],"class_list":{"0":"post-123","1":"product","2":"type-product","3":"status-publish","4":"has-post-thumbnail","6":"product_cat-bague","8":"first","9":"instock","10":"shipping-taxable","11":"purchasable","12":"product-type-simple"},"jetpack_sharing_enabled":true,"_links":{"self":[{"href":"https:\/\/lesecrinsdalienor.fr\/index.php\/wp-json\/wp\/v2\/product\/123","targetHints":{"allow":["GET"]}}],"collection":[{"href":"https:\/\/lesecrinsdalienor.fr\/index.php\/wp-json\/wp\/v2\/product"}],"about":[{"href":"https:\/\/lesecrinsdalienor.fr\/index.php\/wp-json\/wp\/v2\/types\/product"}],"replies":[{"embeddable":true,"href":"https:\/\/lesecrinsdalienor.fr\/index.php\/wp-json\/wp\/v2\/comments?post=123"}],"wp:featuredmedia":[{"embeddable":true,"href":"https:\/\/lesecrinsdalienor.fr\/index.php\/wp-json\/wp\/v2\/media\/124"}],"wp:attachment":[{"href":"https:\/\/lesecrinsdalienor.fr\/index.php\/wp-json\/wp\/v2\/media?parent=123"}],"wp:term":[{"taxonomy":"product_brand","embeddable":true,"href":"https:\/\/lesecrinsdalienor.fr\/index.php\/wp-json\/wp\/v2\/product_brand?post=123"},{"taxonomy":"product_cat","embeddable":true,"href":"https:\/\/lesecrinsdalienor.fr\/index.php\/wp-json\/wp\/v2\/product_cat?post=123"},{"taxonomy":"product_tag","embeddable":true,"href":"https:\/\/lesecrinsdalienor.fr\/index.php\/wp-json\/wp\/v2\/product_tag?post=123"}],"curies":[{"name":"wp","href":"https:\/\/api.w.org\/{rel}","templated":true}]}}