{"id":210,"date":"2024-10-04T15:10:47","date_gmt":"2024-10-04T13:10:47","guid":{"rendered":"https:\/\/lesecrinsdalienor.fr\/?post_type=product&#038;p=210"},"modified":"2026-02-22T22:51:38","modified_gmt":"2026-02-22T21:51:38","slug":"pendentif-argent-5-francs-semeuse","status":"publish","type":"product","link":"https:\/\/lesecrinsdalienor.fr\/index.php\/produit\/pendentif-argent-5-francs-semeuse\/","title":{"rendered":"Pendentif argent 5 francs semeuse"},"content":{"rendered":"<p><img fetchpriority=\"high\" decoding=\"async\" class=\"alignnone size-medium wp-image-212\" src=\"https:\/\/lesecrinsdalienor.fr\/wp-content\/uploads\/2024\/10\/IMG_4212-1-200x300.jpg\" alt=\"\" width=\"200\" height=\"300\" \/> <img decoding=\"async\" class=\"alignnone size-medium wp-image-213\" src=\"https:\/\/lesecrinsdalienor.fr\/wp-content\/uploads\/2024\/10\/IMG_4213-1-200x300.jpg\" alt=\"\" width=\"200\" height=\"300\" srcset=\"https:\/\/lesecrinsdalienor.fr\/wp-content\/uploads\/2024\/10\/IMG_4213-1-200x300.jpg 200w, https:\/\/lesecrinsdalienor.fr\/wp-content\/uploads\/2024\/10\/IMG_4213-1-scaled-600x900.jpg 600w, https:\/\/lesecrinsdalienor.fr\/wp-content\/uploads\/2024\/10\/IMG_4213-1-683x1024.jpg 683w, https:\/\/lesecrinsdalienor.fr\/wp-content\/uploads\/2024\/10\/IMG_4213-1-768x1152.jpg 768w, https:\/\/lesecrinsdalienor.fr\/wp-content\/uploads\/2024\/10\/IMG_4213-1-1024x1536.jpg 1024w, https:\/\/lesecrinsdalienor.fr\/wp-content\/uploads\/2024\/10\/IMG_4213-1-1365x2048.jpg 1365w, https:\/\/lesecrinsdalienor.fr\/wp-content\/uploads\/2024\/10\/IMG_4213-1-scaled.jpg 1707w\" sizes=\"(max-width: 200px) 100vw, 200px\" \/> <img decoding=\"async\" class=\"alignnone size-medium wp-image-217\" src=\"https:\/\/lesecrinsdalienor.fr\/wp-content\/uploads\/2024\/10\/IMG_4126-200x300.jpg\" alt=\"\" width=\"200\" height=\"300\" srcset=\"https:\/\/lesecrinsdalienor.fr\/wp-content\/uploads\/2024\/10\/IMG_4126-200x300.jpg 200w, https:\/\/lesecrinsdalienor.fr\/wp-content\/uploads\/2024\/10\/IMG_4126-scaled-600x900.jpg 600w, https:\/\/lesecrinsdalienor.fr\/wp-content\/uploads\/2024\/10\/IMG_4126-683x1024.jpg 683w, https:\/\/lesecrinsdalienor.fr\/wp-content\/uploads\/2024\/10\/IMG_4126-768x1152.jpg 768w, https:\/\/lesecrinsdalienor.fr\/wp-content\/uploads\/2024\/10\/IMG_4126-1024x1536.jpg 1024w, https:\/\/lesecrinsdalienor.fr\/wp-content\/uploads\/2024\/10\/IMG_4126-1365x2048.jpg 1365w, https:\/\/lesecrinsdalienor.fr\/wp-content\/uploads\/2024\/10\/IMG_4126-scaled.jpg 1707w\" sizes=\"(max-width: 200px) 100vw, 200px\" \/> <img loading=\"lazy\" decoding=\"async\" class=\"alignnone size-medium wp-image-220\" src=\"https:\/\/lesecrinsdalienor.fr\/wp-content\/uploads\/2024\/10\/20230401_145812-225x300.jpg\" alt=\"\" width=\"225\" height=\"300\" \/><\/p>\n","protected":false},"excerpt":{"rendered":"<p>Pendentif en argent 925 mont\u00e9 d&rsquo;une authentique pi\u00e8ce de 5 francs semeuse en argent 835 des ann\u00e9es 1960.<\/p>\n<p>Personnalisation possible ann\u00e9es 1960.61.62.63.64<\/p>\n<p>Bague et parure \u00e9galement disponible.<\/p>\n<p>Produit vendu sans la chaine.<\/p>\n<p>&nbsp;<\/p>\n","protected":false},"featured_media":212,"comment_status":"open","ping_status":"closed","template":"","meta":[],"product_brand":[],"product_cat":[20],"product_tag":[],"class_list":{"0":"post-210","1":"product","2":"type-product","3":"status-publish","4":"has-post-thumbnail","6":"product_cat-pendentif","8":"first","9":"instock","10":"shipping-taxable","11":"purchasable","12":"product-type-simple"},"jetpack_sharing_enabled":true,"_links":{"self":[{"href":"https:\/\/lesecrinsdalienor.fr\/index.php\/wp-json\/wp\/v2\/product\/210","targetHints":{"allow":["GET"]}}],"collection":[{"href":"https:\/\/lesecrinsdalienor.fr\/index.php\/wp-json\/wp\/v2\/product"}],"about":[{"href":"https:\/\/lesecrinsdalienor.fr\/index.php\/wp-json\/wp\/v2\/types\/product"}],"replies":[{"embeddable":true,"href":"https:\/\/lesecrinsdalienor.fr\/index.php\/wp-json\/wp\/v2\/comments?post=210"}],"wp:featuredmedia":[{"embeddable":true,"href":"https:\/\/lesecrinsdalienor.fr\/index.php\/wp-json\/wp\/v2\/media\/212"}],"wp:attachment":[{"href":"https:\/\/lesecrinsdalienor.fr\/index.php\/wp-json\/wp\/v2\/media?parent=210"}],"wp:term":[{"taxonomy":"product_brand","embeddable":true,"href":"https:\/\/lesecrinsdalienor.fr\/index.php\/wp-json\/wp\/v2\/product_brand?post=210"},{"taxonomy":"product_cat","embeddable":true,"href":"https:\/\/lesecrinsdalienor.fr\/index.php\/wp-json\/wp\/v2\/product_cat?post=210"},{"taxonomy":"product_tag","embeddable":true,"href":"https:\/\/lesecrinsdalienor.fr\/index.php\/wp-json\/wp\/v2\/product_tag?post=210"}],"curies":[{"name":"wp","href":"https:\/\/api.w.org\/{rel}","templated":true}]}}