{"id":559,"date":"2025-09-11T11:20:21","date_gmt":"2025-09-11T09:20:21","guid":{"rendered":"https:\/\/lesecrinsdalienor.fr\/index.php\/produit\/bracelet-morlon\/"},"modified":"2025-11-04T17:42:48","modified_gmt":"2025-11-04T16:42:48","slug":"bracelet-morlon","status":"publish","type":"product","link":"https:\/\/lesecrinsdalienor.fr\/index.php\/produit\/bracelet-morlon\/","title":{"rendered":"Bracelet Morlon"},"content":{"rendered":"<p>Bracelet en plaqu\u00e9 or 3 Microns avec pi\u00e8ces de 50 centimes Morlon 1932 et charms \u00e9toiles elephant.<\/p>\n<p>longueur 17.5 cm<\/p>\n","protected":false},"excerpt":{"rendered":"<p>Bracelet en plaqu\u00e9 or 3 Microns avec pi\u00e8ces de 50 centimes Morlon 1932 et charms \u00e9toiles elephant. longueur 17.5 cm<\/p>\n","protected":false},"featured_media":556,"comment_status":"open","ping_status":"closed","template":"","meta":[],"product_brand":[],"product_cat":[29],"product_tag":[],"class_list":{"0":"post-559","1":"product","2":"type-product","3":"status-publish","4":"has-post-thumbnail","6":"product_cat-bracelets","8":"first","9":"instock","10":"sold-individually","11":"purchasable","12":"product-type-simple"},"jetpack_sharing_enabled":true,"_links":{"self":[{"href":"https:\/\/lesecrinsdalienor.fr\/index.php\/wp-json\/wp\/v2\/product\/559","targetHints":{"allow":["GET"]}}],"collection":[{"href":"https:\/\/lesecrinsdalienor.fr\/index.php\/wp-json\/wp\/v2\/product"}],"about":[{"href":"https:\/\/lesecrinsdalienor.fr\/index.php\/wp-json\/wp\/v2\/types\/product"}],"replies":[{"embeddable":true,"href":"https:\/\/lesecrinsdalienor.fr\/index.php\/wp-json\/wp\/v2\/comments?post=559"}],"wp:featuredmedia":[{"embeddable":true,"href":"https:\/\/lesecrinsdalienor.fr\/index.php\/wp-json\/wp\/v2\/media\/556"}],"wp:attachment":[{"href":"https:\/\/lesecrinsdalienor.fr\/index.php\/wp-json\/wp\/v2\/media?parent=559"}],"wp:term":[{"taxonomy":"product_brand","embeddable":true,"href":"https:\/\/lesecrinsdalienor.fr\/index.php\/wp-json\/wp\/v2\/product_brand?post=559"},{"taxonomy":"product_cat","embeddable":true,"href":"https:\/\/lesecrinsdalienor.fr\/index.php\/wp-json\/wp\/v2\/product_cat?post=559"},{"taxonomy":"product_tag","embeddable":true,"href":"https:\/\/lesecrinsdalienor.fr\/index.php\/wp-json\/wp\/v2\/product_tag?post=559"}],"curies":[{"name":"wp","href":"https:\/\/api.w.org\/{rel}","templated":true}]}}