{"id":610,"date":"2026-02-14T15:43:36","date_gmt":"2026-02-14T14:43:36","guid":{"rendered":"https:\/\/lesecrinsdalienor.fr\/?post_type=product&#038;p=610"},"modified":"2026-02-16T17:09:28","modified_gmt":"2026-02-16T16:09:28","slug":"commande-florence","status":"publish","type":"product","link":"https:\/\/lesecrinsdalienor.fr\/index.php\/produit\/commande-florence\/","title":{"rendered":"Commande Florence"},"content":{"rendered":"<p>1 Bracelet acier inoxydable 17 cm pi\u00e8ce 2 francs 1997 + pi\u00e8ce Japonaise + 2 charms<\/p>\n<p>1 Bracelet acier inoxydable 17 cm pi\u00e8ce de 1 franc 1989 + 2 charms<\/p>\n","protected":false},"excerpt":{"rendered":"<p>1 Bracelet acier inoxydable 17 cm pi\u00e8ce 2 francs 1997 + pi\u00e8ce Japonaise + 2 charms 1 Bracelet acier inoxydable 17 cm pi\u00e8ce de 1 franc 1989 + 2 charms<\/p>\n","protected":false},"featured_media":613,"comment_status":"open","ping_status":"closed","template":"","meta":[],"product_brand":[],"product_cat":[29],"product_tag":[],"class_list":{"0":"post-610","1":"product","2":"type-product","3":"status-publish","4":"has-post-thumbnail","6":"product_cat-bracelets","8":"first","9":"outofstock","10":"shipping-taxable","11":"purchasable","12":"product-type-simple"},"jetpack_sharing_enabled":true,"_links":{"self":[{"href":"https:\/\/lesecrinsdalienor.fr\/index.php\/wp-json\/wp\/v2\/product\/610","targetHints":{"allow":["GET"]}}],"collection":[{"href":"https:\/\/lesecrinsdalienor.fr\/index.php\/wp-json\/wp\/v2\/product"}],"about":[{"href":"https:\/\/lesecrinsdalienor.fr\/index.php\/wp-json\/wp\/v2\/types\/product"}],"replies":[{"embeddable":true,"href":"https:\/\/lesecrinsdalienor.fr\/index.php\/wp-json\/wp\/v2\/comments?post=610"}],"wp:featuredmedia":[{"embeddable":true,"href":"https:\/\/lesecrinsdalienor.fr\/index.php\/wp-json\/wp\/v2\/media\/613"}],"wp:attachment":[{"href":"https:\/\/lesecrinsdalienor.fr\/index.php\/wp-json\/wp\/v2\/media?parent=610"}],"wp:term":[{"taxonomy":"product_brand","embeddable":true,"href":"https:\/\/lesecrinsdalienor.fr\/index.php\/wp-json\/wp\/v2\/product_brand?post=610"},{"taxonomy":"product_cat","embeddable":true,"href":"https:\/\/lesecrinsdalienor.fr\/index.php\/wp-json\/wp\/v2\/product_cat?post=610"},{"taxonomy":"product_tag","embeddable":true,"href":"https:\/\/lesecrinsdalienor.fr\/index.php\/wp-json\/wp\/v2\/product_tag?post=610"}],"curies":[{"name":"wp","href":"https:\/\/api.w.org\/{rel}","templated":true}]}}